{"id":175,"date":"2021-12-13T04:45:44","date_gmt":"2021-12-13T04:45:44","guid":{"rendered":"https:\/\/live.21lab.co\/fixlab\/?page_id=175"},"modified":"2023-06-24T12:39:51","modified_gmt":"2023-06-24T10:39:51","slug":"kontakt","status":"publish","type":"page","link":"https:\/\/lekic.rs\/?page_id=175","title":{"rendered":"Kontakt"},"content":{"rendered":"\t\t<div data-elementor-type=\"wp-page\" data-elementor-id=\"175\" class=\"elementor elementor-175\">\n\t\t\t\t\t\t<div class=\"elementor-section elementor-top-section elementor-element elementor-element-a2b407a elementor-section-boxed elementor-section-height-default elementor-section-height-default\" data-id=\"a2b407a\" data-element_type=\"section\">\n\t\t\t\t\t\t<div class=\"elementor-container elementor-column-gap-default\">\n\t\t\t\t\t<div class=\"elementor-column elementor-col-100 elementor-top-column elementor-element elementor-element-0d8f578\" data-id=\"0d8f578\" data-element_type=\"column\">\n\t\t\t<div class=\"elementor-widget-wrap elementor-element-populated\">\n\t\t\t\t\t\t<div class=\"elementor-section elementor-inner-section elementor-element elementor-element-db2f34e elementor-section-boxed elementor-section-height-default elementor-section-height-default\" data-id=\"db2f34e\" data-element_type=\"section\">\n\t\t\t\t\t\t<div class=\"elementor-container elementor-column-gap-extended\">\n\t\t\t\t\t<div class=\"elementor-column elementor-col-33 elementor-inner-column elementor-element elementor-element-60e10f6\" data-id=\"60e10f6\" data-element_type=\"column\">\n\t\t\t<div class=\"elementor-widget-wrap elementor-element-populated\">\n\t\t\t\t\t\t<div class=\"elementor-element elementor-element-1849ed4 pp-info-box-left elementor-widget elementor-widget-pp-info-box\" data-id=\"1849ed4\" data-element_type=\"widget\" data-widget_type=\"pp-info-box.default\">\n\t\t\t\t<div class=\"elementor-widget-container\">\n\t\t\t\t\t\t\t<div class=\"pp-info-box-container\">\n\t\t\t<div class=\"pp-info-box\">\n\t\t\t\t\t\t\t\t\t<div class=\"pp-info-box-icon-wrap\">\n\t\t\t\t\t\t\t\t\t\t\t\t\t\t<span class=\"pp-info-box-icon pp-icon\">\n\t\t\t\t\t\t\t<svg xmlns=\"http:\/\/www.w3.org\/2000\/svg\" height=\"64\" width=\"64\" viewBox=\"0 0 64 64\"><title>miner<\/title><g fill=\"#909192\" class=\"nc-icon-wrapper\"><path d=\"M50,18H48.95A16.981,16.981,0,0,0,36,2.5V4a1,1,0,0,1-2,0V1a1,1,0,0,0-1-1H31a1,1,0,0,0-1,1V4a1,1,0,0,1-2,0V2.5A16.981,16.981,0,0,0,15.05,18H14a1,1,0,0,0-1,1v1a1,1,0,0,0,1,1h3.039C17.451,32.69,24.931,39,32,39s14.549-6.31,14.961-18H50a1,1,0,0,0,1-1V19A1,1,0,0,0,50,18ZM32,10a3,3,0,1,1-3,3A3,3,0,0,1,32,10Zm0,27c-8.1,0-12.614-8.066-12.966-16H44.966C44.614,28.934,40.1,37,32,37Z\" fill=\"#bb0a07\"><\/path><path d=\"M20,48a5.006,5.006,0,0,0,5,5H39a5.006,5.006,0,0,0,5-5V41.7l-3.59-1.615A1.1,1.1,0,0,0,40,40c-.291,0-.4.063-.946.35a15.9,15.9,0,0,1-14.108,0C24.4,40.063,24.291,40,24,40a1.1,1.1,0,0,0-.41.088L20,41.7Z\" fill=\"#bb0a07\"><\/path><path d=\"M39,55H25a7.009,7.009,0,0,1-7-7V42.6l-4,1.8V62H50V44.4l-4-1.8V48A7.009,7.009,0,0,1,39,55Z\" data-color=\"color-2\"><\/path><path d=\"M12,45.3,8.307,46.965A9.015,9.015,0,0,0,3,55.172V61a1,1,0,0,0,1,1h8Z\" fill=\"#bb0a07\"><\/path><path d=\"M55.693,46.965,52,45.3V62h8a1,1,0,0,0,1-1V55.172A9.015,9.015,0,0,0,55.693,46.965Z\" fill=\"#bb0a07\"><\/path><\/g><\/svg>\t\t\t\t\t\t<\/span>\n\t\t\t\t\t\t\t\t\t\t\t\t\t<\/div>\n\t\t\t\t\t\t\t\t<div class=\"pp-info-box-content\">\n\t\t\t\t\t<div class=\"pp-info-box-title-wrap\">\n\t\t\t\t\t\t\t\t\t\t\t\t\t<div class=\"pp-info-box-title-container\">\n\t\t\t\t\t\t\t\t<h4 class=\"pp-info-box-title\">\n\t\t\t\t\t\t\t\t\tLBR LEKI\u0106\t\t\t\t\t\t\t\t<\/h4>\n\t\t\t\t\t\t\t<\/div>\n\t\t\t\t\t\t\t\t\t\t\t\t<\/div>\n\n\t\t\t\t\t\n\t\t\t\t\t\t\t\t\t\t\t<div class=\"pp-info-box-description\">\n\t\t\t\t\t\t\t<p>Telefon: 063 8001482<br \/>Email: lekic.ivan1@gmail.com<\/p>\t\t\t\t\t\t<\/div>\n\t\t\t\t\t\t\t\t\t\t\t\t\t\t<\/div>\n\t\t\t<\/div>\n\t\t<\/div>\n\t\t\t\t\t\t<\/div>\n\t\t\t\t<\/div>\n\t\t\t\t\t<\/div>\n\t\t<\/div>\n\t\t\t\t<div class=\"elementor-column elementor-col-33 elementor-inner-column elementor-element elementor-element-80d6f1f\" data-id=\"80d6f1f\" data-element_type=\"column\">\n\t\t\t<div class=\"elementor-widget-wrap elementor-element-populated\">\n\t\t\t\t\t\t<div class=\"elementor-element elementor-element-bca5dc4 pp-info-box-left elementor-widget elementor-widget-pp-info-box\" data-id=\"bca5dc4\" data-element_type=\"widget\" data-widget_type=\"pp-info-box.default\">\n\t\t\t\t<div class=\"elementor-widget-container\">\n\t\t\t\t\t\t\t<div class=\"pp-info-box-container\">\n\t\t\t<div class=\"pp-info-box\">\n\t\t\t\t\t\t\t\t\t<div class=\"pp-info-box-icon-wrap\">\n\t\t\t\t\t\t\t\t\t\t\t\t\t\t<span class=\"pp-info-box-icon pp-icon\">\n\t\t\t\t\t\t\t<svg xmlns=\"http:\/\/www.w3.org\/2000\/svg\" height=\"64\" width=\"64\" viewBox=\"0 0 64 64\"><title>event confirm<\/title><g fill=\"#bb0a07\" class=\"nc-icon-wrapper\"><path d=\"M32,12a1,1,0,0,1-1-1V2a1,1,0,0,1,2,0v9A1,1,0,0,1,32,12Z\" fill=\"#9b9b9c\"><\/path><path d=\"M15,12a1,1,0,0,1-1-1V2a1,1,0,0,1,2,0v9A1,1,0,0,1,15,12Z\" fill=\"#9b9b9c\"><\/path><path d=\"M49,12a1,1,0,0,1-1-1V2a1,1,0,0,1,2,0v9A1,1,0,0,1,49,12Z\" fill=\"#9b9b9c\"><\/path><path d=\"M35.587,55H6a1,1,0,0,1-1-1V21a1,1,0,0,1,1-1H58a1,1,0,0,1,1,1V41.211a14.065,14.065,0,0,1,2,2.605V9a2,2,0,0,0-2-2H52v4a3,3,0,0,1-6,0V7H35v4a3,3,0,0,1-6,0V7H18v4a3,3,0,0,1-6,0V7H5A2,2,0,0,0,3,9V55a2,2,0,0,0,2,2H36.365A13.972,13.972,0,0,1,35.587,55Z\" fill=\"#9b9b9c\"><\/path><path d=\"M37,51A12,12,0,1,0,49,39,12,12,0,0,0,37,51Zm18.707-4.707a1,1,0,0,1,0,1.414l-8,8a1,1,0,0,1-1.414,0l-4-4a1,1,0,0,1,1.414-1.414L47,53.586l7.293-7.293A1,1,0,0,1,55.707,46.293Z\" data-color=\"color-2\"><\/path><\/g><\/svg>\t\t\t\t\t\t<\/span>\n\t\t\t\t\t\t\t\t\t\t\t\t\t<\/div>\n\t\t\t\t\t\t\t\t<div class=\"pp-info-box-content\">\n\t\t\t\t\t<div class=\"pp-info-box-title-wrap\">\n\t\t\t\t\t\t\t\t\t\t\t\t\t<div class=\"pp-info-box-title-container\">\n\t\t\t\t\t\t\t\t<h4 class=\"pp-info-box-title\">\n\t\t\t\t\t\t\t\t\tRadno vreme\t\t\t\t\t\t\t\t<\/h4>\n\t\t\t\t\t\t\t<\/div>\n\t\t\t\t\t\t\t\t\t\t\t\t<\/div>\n\n\t\t\t\t\t\n\t\t\t\t\t\t\t\t\t\t\t<div class=\"pp-info-box-description\">\n\t\t\t\t\t\t\t<p>Pon &#8211; Pet: 07:00 &#8211; 16:00<br \/>Subota: 07:00 &#8211; 14:00<\/p>\t\t\t\t\t\t<\/div>\n\t\t\t\t\t\t\t\t\t\t\t\t\t\t<\/div>\n\t\t\t<\/div>\n\t\t<\/div>\n\t\t\t\t\t\t<\/div>\n\t\t\t\t<\/div>\n\t\t\t\t\t<\/div>\n\t\t<\/div>\n\t\t\t\t<div class=\"elementor-column elementor-col-33 elementor-inner-column elementor-element elementor-element-645f80b\" data-id=\"645f80b\" data-element_type=\"column\">\n\t\t\t<div class=\"elementor-widget-wrap elementor-element-populated\">\n\t\t\t\t\t\t<div class=\"elementor-element elementor-element-dea9d80 pp-info-box-left elementor-widget elementor-widget-pp-info-box\" data-id=\"dea9d80\" data-element_type=\"widget\" data-widget_type=\"pp-info-box.default\">\n\t\t\t\t<div class=\"elementor-widget-container\">\n\t\t\t\t\t\t\t<div class=\"pp-info-box-container\">\n\t\t\t<div class=\"pp-info-box\">\n\t\t\t\t\t\t\t\t\t<div class=\"pp-info-box-icon-wrap\">\n\t\t\t\t\t\t\t\t\t\t\t\t\t\t<span class=\"pp-info-box-icon pp-icon\">\n\t\t\t\t\t\t\t<svg xmlns=\"http:\/\/www.w3.org\/2000\/svg\" height=\"64\" width=\"64\" viewBox=\"0 0 64 64\"><title>shop location<\/title><g fill=\"#909192\" class=\"nc-icon-wrapper\"><path data-color=\"color-2\" d=\"M58.868,22.504l-12-21C46.69,1.192,46.359,1,46,1H14c-0.359,0-0.69,0.192-0.868,0.504l-12,21 C1.045,22.655,1,22.826,1,23c0,6.217,4.018,9,8,9c3.126,0,5.675-1.339,7.002-3.455C17.47,30.824,20.338,32,23.182,32 c3.072,0,5.526-1.282,6.818-3.359C31.292,30.718,33.746,32,36.818,32c2.844,0,5.712-1.176,7.179-3.455 C45.325,30.661,47.874,32,51,32c3.982,0,8-2.783,8-9C59,22.826,58.955,22.655,58.868,22.504z\"><\/path><path data-color=\"color-2\" d=\"M52,34.8c-5.407,0-11,4.114-11,11c0,6.539,9.873,16.487,10.293,16.907 C51.488,62.902,51.744,63,52,63s0.512-0.098,0.707-0.293C53.127,62.287,63,52.339,63,45.8C63,38.914,57.407,34.8,52,34.8z M52,48.8 c-1.654,0-3-1.346-3-3s1.346-3,3-3s3,1.346,3,3S53.654,48.8,52,48.8z\"><\/path><path fill=\"#bb0a07\" d=\"M48.798,63C45.959,59.97,39,51.917,39,45.8c0-6.301,3.967-10.626,8.722-12.263 c-1.421-0.411-2.702-1.083-3.751-1.991C42.118,33.096,39.558,34,36.818,34c-2.694,0-5.068-0.826-6.818-2.326 C28.25,33.174,25.876,34,23.182,34c-2.74,0-5.299-0.904-7.153-2.454C14.22,33.111,11.737,34,9,34c-0.665,0-1.336-0.072-2-0.205V61 c0,1.105,0.895,2,2,2h16V49h10v14H48.798z\"><\/path><\/g><\/svg>\t\t\t\t\t\t<\/span>\n\t\t\t\t\t\t\t\t\t\t\t\t\t<\/div>\n\t\t\t\t\t\t\t\t<div class=\"pp-info-box-content\">\n\t\t\t\t\t<div class=\"pp-info-box-title-wrap\">\n\t\t\t\t\t\t\t\t\t\t\t\t\t<div class=\"pp-info-box-title-container\">\n\t\t\t\t\t\t\t\t<h4 class=\"pp-info-box-title\">\n\t\t\t\t\t\t\t\t\tAdresa\t\t\t\t\t\t\t\t<\/h4>\n\t\t\t\t\t\t\t<\/div>\n\t\t\t\t\t\t\t\t\t\t\t\t<\/div>\n\n\t\t\t\t\t\n\t\t\t\t\t\t\t\t\t\t\t<div class=\"pp-info-box-description\">\n\t\t\t\t\t\t\t<p>N. Stojadinovi\u0107a 1,<br \/>11420 Smederevska Palanka<\/p>\t\t\t\t\t\t<\/div>\n\t\t\t\t\t\t\t\t\t\t\t\t\t\t<\/div>\n\t\t\t<\/div>\n\t\t<\/div>\n\t\t\t\t\t\t<\/div>\n\t\t\t\t<\/div>\n\t\t\t\t\t<\/div>\n\t\t<\/div>\n\t\t\t\t\t<\/div>\n\t\t<\/div>\n\t\t\t\t<div class=\"elementor-element elementor-element-0fa2196 elementor-widget elementor-widget-text-editor\" data-id=\"0fa2196\" data-element_type=\"widget\" data-widget_type=\"text-editor.default\">\n\t\t\t\t<div class=\"elementor-widget-container\">\n\t\t\t\t\t\t\t\t\t<p>Pogledajte gde se nalazimo na mapi. <a href=\"https:\/\/www.google.com\/maps\/place\/SZR+Leki%C4%87\/@44.3406519,20.9715151,17z\/data=!3m1!4b1!4m6!3m5!1s0x4750cf1e2fbb3b17:0x88760bf9e6ff6085!8m2!3d44.3406481!4d20.97409!16s%2Fg%2F11g2wx3v6x?authuser=0&amp;hl=sr&amp;entry=ttu\" target=\"_blank\" rel=\"noopener\"><strong>Lokacija na mapi<\/strong><\/a><\/p>\t\t\t\t\t\t\t\t<\/div>\n\t\t\t\t<\/div>\n\t\t\t\t<div class=\"elementor-element elementor-element-d083c92 elementor-widget-divider--view-line elementor-widget elementor-widget-divider\" data-id=\"d083c92\" data-element_type=\"widget\" data-widget_type=\"divider.default\">\n\t\t\t\t<div class=\"elementor-widget-container\">\n\t\t\t\t\t\t\t<div class=\"elementor-divider\">\n\t\t\t<span class=\"elementor-divider-separator\">\n\t\t\t\t\t\t<\/span>\n\t\t<\/div>\n\t\t\t\t\t\t<\/div>\n\t\t\t\t<\/div>\n\t\t\t\t\t<\/div>\n\t\t<\/div>\n\t\t\t\t\t<\/div>\n\t\t<\/div>\n\t\t\t\t<div class=\"elementor-section elementor-top-section elementor-element elementor-element-b4f626c elementor-section-boxed elementor-section-height-default elementor-section-height-default\" data-id=\"b4f626c\" data-element_type=\"section\">\n\t\t\t\t\t\t<div class=\"elementor-container elementor-column-gap-default\">\n\t\t\t\t\t<div class=\"elementor-column elementor-col-100 elementor-top-column elementor-element elementor-element-d7a8fcd\" data-id=\"d7a8fcd\" data-element_type=\"column\">\n\t\t\t<div class=\"elementor-widget-wrap elementor-element-populated\">\n\t\t\t\t\t\t<div class=\"elementor-element elementor-element-e5b31bd elementor-widget elementor-widget-menu-anchor\" data-id=\"e5b31bd\" data-element_type=\"widget\" data-widget_type=\"menu-anchor.default\">\n\t\t\t\t<div class=\"elementor-widget-container\">\n\t\t\t\t\t\t\t<div class=\"elementor-menu-anchor\" id=\"kontakt\"><\/div>\n\t\t\t\t\t\t<\/div>\n\t\t\t\t<\/div>\n\t\t\t\t<div class=\"elementor-element elementor-element-3fe0fe1 pp-contact-form-7-button-custom elementor-widget elementor-widget-pp-contact-form-7\" data-id=\"3fe0fe1\" data-element_type=\"widget\" data-widget_type=\"pp-contact-form-7.default\">\n\t\t\t\t<div class=\"elementor-widget-container\">\n\t\t\t\t\t\t\t\t\t<div class=\"pp-contact-form pp-contact-form-7 placeholder-show\">\n\t\t\t\t\t\t\t\t\t\t\t<div class=\"pp-contact-form-7-heading\">\n\t\t\t\t\t\t\t\t\t\t\t\t\t\t\t<h3 class=\"pp-contact-form-title pp-contact-form-7-title\">\n\t\t\t\t\t\t\t\t\tKontaktirajte nas\t\t\t\t\t\t\t\t<\/h3>\n\t\t\t\t\t\t\t\t\t\t\t\t\t\t\t\t\t\t\t\t\t\t<div class=\"pp-contact-form-description pp-contact-form-7-description\">\n\t\t\t\t\t\t\t\t\tMo\u017eete nas kontaktirati na navedenu adresu i broj telefona ili popunjavanjem formulara ispod.\t\t\t\t\t\t\t\t<\/div>\n\t\t\t\t\t\t\t\t\t\t\t\t\t<\/div>\n\t\t\t\t\t\t\t\t\t\t\n<div class=\"wpcf7 no-js\" id=\"wpcf7-f317-p175-o1\" lang=\"en-US\" dir=\"ltr\" data-wpcf7-id=\"317\">\n<div class=\"screen-reader-response\"><p role=\"status\" aria-live=\"polite\" aria-atomic=\"true\"><\/p> <ul><\/ul><\/div>\n<form action=\"\/?page_id=175#wpcf7-f317-p175-o1\" method=\"post\" class=\"wpcf7-form init\" aria-label=\"Contact form\" novalidate=\"novalidate\" data-status=\"init\">\n<fieldset class=\"hidden-fields-container\"><input type=\"hidden\" name=\"_wpcf7\" value=\"317\" \/><input type=\"hidden\" name=\"_wpcf7_version\" value=\"6.1.5\" \/><input type=\"hidden\" name=\"_wpcf7_locale\" value=\"en_US\" \/><input type=\"hidden\" name=\"_wpcf7_unit_tag\" value=\"wpcf7-f317-p175-o1\" \/><input type=\"hidden\" name=\"_wpcf7_container_post\" value=\"175\" \/><input type=\"hidden\" name=\"_wpcf7_posted_data_hash\" value=\"\" \/>\n<\/fieldset>\n<div class=\"form-row\">\n\t<p><span class=\"wpcf7-form-control-wrap\" data-name=\"text-991\"><input size=\"40\" maxlength=\"400\" class=\"wpcf7-form-control wpcf7-text wpcf7-validates-as-required\" aria-required=\"true\" aria-invalid=\"false\" placeholder=\"Ime i prezime *\" value=\"\" type=\"text\" name=\"text-991\" \/><\/span>\n\t<\/p>\n<\/div>\n<div class=\"form-row ui-grid\">\n\t<p><span class=\"wpcf7-form-control-wrap\" data-name=\"email-755\"><input size=\"40\" maxlength=\"400\" class=\"wpcf7-form-control wpcf7-email wpcf7-validates-as-required wpcf7-text wpcf7-validates-as-email\" aria-required=\"true\" aria-invalid=\"false\" placeholder=\"Email *\" value=\"\" type=\"email\" name=\"email-755\" \/><\/span><br \/>\n<span class=\"wpcf7-form-control-wrap\" data-name=\"tel-978\"><input size=\"40\" maxlength=\"400\" class=\"wpcf7-form-control wpcf7-tel wpcf7-validates-as-required wpcf7-text wpcf7-validates-as-tel\" aria-required=\"true\" aria-invalid=\"false\" value=\"Telefon *\" type=\"tel\" name=\"tel-978\" \/><\/span>\n\t<\/p>\n<\/div>\n<div class=\"form-row ui-dropdown\">\n\t<p><span class=\"wpcf7-form-control-wrap\" data-name=\"menu-85\"><select class=\"wpcf7-form-control wpcf7-select\" aria-invalid=\"false\" name=\"menu-85\"><option value=\"Izaberite\">Izaberite<\/option><option value=\"Lasersko se\u010denje\">Lasersko se\u010denje<\/option><option value=\"Zavarivanje\">Zavarivanje<\/option><option value=\"Perforacija limova\">Perforacija limova<\/option><option value=\"CNC perforiranje limova\">CNC perforiranje limova<\/option><option value=\"CNC savijanje\">CNC savijanje<\/option><option value=\"CNC se\u010denje makazama\">CNC se\u010denje makazama<\/option><option value=\"Ostalo\">Ostalo<\/option><\/select><\/span>\n\t<\/p>\n<\/div>\n<div class=\"form-row\">\n\t<p><span class=\"wpcf7-form-control-wrap\" data-name=\"textarea-660\"><textarea cols=\"40\" rows=\"10\" maxlength=\"2000\" class=\"wpcf7-form-control wpcf7-textarea\" aria-invalid=\"false\" name=\"textarea-660\">Poruka<\/textarea><\/span>\n\t<\/p>\n<\/div>\n<p><input class=\"wpcf7-form-control wpcf7-submit has-spinner\" type=\"submit\" value=\"Po\u0161alji\" \/>\n<\/p><div class=\"wpcf7-response-output\" aria-hidden=\"true\"><\/div>\n<\/form>\n<\/div>\n\t\t\t\t<\/div>\n\t\t\t\t\t\t\t\t<\/div>\n\t\t\t\t<\/div>\n\t\t\t\t\t<\/div>\n\t\t<\/div>\n\t\t\t\t\t<\/div>\n\t\t<\/div>\n\t\t\t\t<\/div>\n\t\t","protected":false},"excerpt":{"rendered":"<p>miner LBR LEKI\u0106 Telefon: 063 8001482Email: lekic.ivan1@gmail.com event confirm Radno vreme Pon &#8211; Pet: 07:00 &#8211; 16:00Subota: 07:00 &#8211; 14:00 shop location Adresa N. Stojadinovi\u0107a 1,11420 Smederevska Palanka Pogledajte gde se nalazimo na mapi. Lokacija na mapi Kontaktirajte nas Mo\u017eete nas kontaktirati na navedenu adresu i broj telefona ili popunjavanjem formulara ispod. IzaberiteLasersko se\u010denjeZavarivanjePerforacija limovaCNC [&hellip;]<\/p>\n","protected":false},"author":1,"featured_media":627,"parent":0,"menu_order":0,"comment_status":"closed","ping_status":"closed","template":"tmpl\/template-fullwidth.php","meta":{"_acf_changed":false,"inline_featured_image":false,"footnotes":""},"class_list":["post-175","page","type-page","status-publish","has-post-thumbnail","hentry"],"acf":[],"yoast_head":"<!-- This site is optimized with the Yoast SEO plugin v27.5 - https:\/\/yoast.com\/product\/yoast-seo-wordpress\/ -->\n<title>Kontakt - Lekic LBR - CNC Rezanje metala laserom, bravarija<\/title>\n<meta name=\"description\" content=\"Bravarski usluge i lasersko se\u010denje metala od lima i \u010delika na jednom mestu. Usluge ma\u0161inske obrade metala na CNC ma\u0161inama. Lasersko se\u010denje metala od lima i \u010delika (inoxa). Bravarske usluge uslu\u017enog se\u010denja lima, savijanja lima i \u0161tancovanja lima.\" \/>\n<meta name=\"robots\" content=\"index, follow, max-snippet:-1, max-image-preview:large, max-video-preview:-1\" \/>\n<link rel=\"canonical\" href=\"https:\/\/lekic.rs\/?page_id=175\" \/>\n<meta property=\"og:locale\" content=\"sr_RS\" \/>\n<meta property=\"og:type\" content=\"article\" \/>\n<meta property=\"og:title\" content=\"Kontakt - Lekic LBR - CNC Rezanje metala laserom, bravarija\" \/>\n<meta property=\"og:description\" content=\"Bravarski usluge i lasersko se\u010denje metala od lima i \u010delika na jednom mestu. Usluge ma\u0161inske obrade metala na CNC ma\u0161inama. Lasersko se\u010denje metala od lima i \u010delika (inoxa). Bravarske usluge uslu\u017enog se\u010denja lima, savijanja lima i \u0161tancovanja lima.\" \/>\n<meta property=\"og:url\" content=\"https:\/\/lekic.rs\/?page_id=175\" \/>\n<meta property=\"og:site_name\" content=\"Lekic LBR - CNC Rezanje metala laserom, bravarija\" \/>\n<meta property=\"article:publisher\" content=\"https:\/\/www.facebook.com\/people\/Lbr-Lekic\/100084138443827\/\" \/>\n<meta property=\"article:modified_time\" content=\"2023-06-24T10:39:51+00:00\" \/>\n<meta property=\"og:image\" content=\"https:\/\/lekic.rs\/wp-content\/uploads\/2023\/06\/mapa-lekic1.jpg\" \/>\n\t<meta property=\"og:image:width\" content=\"1641\" \/>\n\t<meta property=\"og:image:height\" content=\"633\" \/>\n\t<meta property=\"og:image:type\" content=\"image\/jpeg\" \/>\n<meta name=\"twitter:card\" content=\"summary_large_image\" \/>\n<meta name=\"twitter:label1\" content=\"Procenjeno vreme \u010ditanja\" \/>\n\t<meta name=\"twitter:data1\" content=\"1 minut\" \/>\n<script type=\"application\/ld+json\" class=\"yoast-schema-graph\">{\"@context\":\"https:\\\/\\\/schema.org\",\"@graph\":[{\"@type\":\"WebPage\",\"@id\":\"https:\\\/\\\/lekic.rs\\\/?page_id=175\",\"url\":\"https:\\\/\\\/lekic.rs\\\/?page_id=175\",\"name\":\"Kontakt - Lekic LBR - CNC Rezanje metala laserom, bravarija\",\"isPartOf\":{\"@id\":\"https:\\\/\\\/lekic.rs\\\/#website\"},\"primaryImageOfPage\":{\"@id\":\"https:\\\/\\\/lekic.rs\\\/?page_id=175#primaryimage\"},\"image\":{\"@id\":\"https:\\\/\\\/lekic.rs\\\/?page_id=175#primaryimage\"},\"thumbnailUrl\":\"https:\\\/\\\/lekic.rs\\\/wp-content\\\/uploads\\\/2023\\\/06\\\/mapa-lekic1.jpg\",\"datePublished\":\"2021-12-13T04:45:44+00:00\",\"dateModified\":\"2023-06-24T10:39:51+00:00\",\"description\":\"Bravarski usluge i lasersko se\u010denje metala od lima i \u010delika na jednom mestu. Usluge ma\u0161inske obrade metala na CNC ma\u0161inama. Lasersko se\u010denje metala od lima i \u010delika (inoxa). Bravarske usluge uslu\u017enog se\u010denja lima, savijanja lima i \u0161tancovanja lima.\",\"breadcrumb\":{\"@id\":\"https:\\\/\\\/lekic.rs\\\/?page_id=175#breadcrumb\"},\"inLanguage\":\"sr-RS\",\"potentialAction\":[{\"@type\":\"ReadAction\",\"target\":[\"https:\\\/\\\/lekic.rs\\\/?page_id=175\"]}]},{\"@type\":\"ImageObject\",\"inLanguage\":\"sr-RS\",\"@id\":\"https:\\\/\\\/lekic.rs\\\/?page_id=175#primaryimage\",\"url\":\"https:\\\/\\\/lekic.rs\\\/wp-content\\\/uploads\\\/2023\\\/06\\\/mapa-lekic1.jpg\",\"contentUrl\":\"https:\\\/\\\/lekic.rs\\\/wp-content\\\/uploads\\\/2023\\\/06\\\/mapa-lekic1.jpg\",\"width\":1641,\"height\":633},{\"@type\":\"BreadcrumbList\",\"@id\":\"https:\\\/\\\/lekic.rs\\\/?page_id=175#breadcrumb\",\"itemListElement\":[{\"@type\":\"ListItem\",\"position\":1,\"name\":\"Home\",\"item\":\"https:\\\/\\\/lekic.rs\\\/\"},{\"@type\":\"ListItem\",\"position\":2,\"name\":\"Kontakt\"}]},{\"@type\":\"WebSite\",\"@id\":\"https:\\\/\\\/lekic.rs\\\/#website\",\"url\":\"https:\\\/\\\/lekic.rs\\\/\",\"name\":\"Lekic LBR - Bravarski usluge i Lasersko se\u010denje metala\",\"description\":\"Lekic LBR - CNC Rezanje metala laserom, bravarija\",\"publisher\":{\"@id\":\"https:\\\/\\\/lekic.rs\\\/#organization\"},\"potentialAction\":[{\"@type\":\"SearchAction\",\"target\":{\"@type\":\"EntryPoint\",\"urlTemplate\":\"https:\\\/\\\/lekic.rs\\\/?s={search_term_string}\"},\"query-input\":{\"@type\":\"PropertyValueSpecification\",\"valueRequired\":true,\"valueName\":\"search_term_string\"}}],\"inLanguage\":\"sr-RS\"},{\"@type\":\"Organization\",\"@id\":\"https:\\\/\\\/lekic.rs\\\/#organization\",\"name\":\"Lekic LBR - Bravarski usluge i Lasersko se\u010denje metala\",\"url\":\"https:\\\/\\\/lekic.rs\\\/\",\"logo\":{\"@type\":\"ImageObject\",\"inLanguage\":\"sr-RS\",\"@id\":\"https:\\\/\\\/lekic.rs\\\/#\\\/schema\\\/logo\\\/image\\\/\",\"url\":\"https:\\\/\\\/lekic.rs\\\/wp-content\\\/uploads\\\/2023\\\/06\\\/lekic-lbr-logo-02.png\",\"contentUrl\":\"https:\\\/\\\/lekic.rs\\\/wp-content\\\/uploads\\\/2023\\\/06\\\/lekic-lbr-logo-02.png\",\"width\":426,\"height\":261,\"caption\":\"Lekic LBR - Bravarski usluge i Lasersko se\u010denje metala\"},\"image\":{\"@id\":\"https:\\\/\\\/lekic.rs\\\/#\\\/schema\\\/logo\\\/image\\\/\"},\"sameAs\":[\"https:\\\/\\\/www.facebook.com\\\/people\\\/Lbr-Lekic\\\/100084138443827\\\/\"]}]}<\/script>\n<!-- \/ Yoast SEO plugin. -->","yoast_head_json":{"title":"Kontakt - Lekic LBR - CNC Rezanje metala laserom, bravarija","description":"Bravarski usluge i lasersko se\u010denje metala od lima i \u010delika na jednom mestu. Usluge ma\u0161inske obrade metala na CNC ma\u0161inama. Lasersko se\u010denje metala od lima i \u010delika (inoxa). Bravarske usluge uslu\u017enog se\u010denja lima, savijanja lima i \u0161tancovanja lima.","robots":{"index":"index","follow":"follow","max-snippet":"max-snippet:-1","max-image-preview":"max-image-preview:large","max-video-preview":"max-video-preview:-1"},"canonical":"https:\/\/lekic.rs\/?page_id=175","og_locale":"sr_RS","og_type":"article","og_title":"Kontakt - Lekic LBR - CNC Rezanje metala laserom, bravarija","og_description":"Bravarski usluge i lasersko se\u010denje metala od lima i \u010delika na jednom mestu. Usluge ma\u0161inske obrade metala na CNC ma\u0161inama. Lasersko se\u010denje metala od lima i \u010delika (inoxa). Bravarske usluge uslu\u017enog se\u010denja lima, savijanja lima i \u0161tancovanja lima.","og_url":"https:\/\/lekic.rs\/?page_id=175","og_site_name":"Lekic LBR - CNC Rezanje metala laserom, bravarija","article_publisher":"https:\/\/www.facebook.com\/people\/Lbr-Lekic\/100084138443827\/","article_modified_time":"2023-06-24T10:39:51+00:00","og_image":[{"width":1641,"height":633,"url":"https:\/\/lekic.rs\/wp-content\/uploads\/2023\/06\/mapa-lekic1.jpg","type":"image\/jpeg"}],"twitter_card":"summary_large_image","twitter_misc":{"Procenjeno vreme \u010ditanja":"1 minut"},"schema":{"@context":"https:\/\/schema.org","@graph":[{"@type":"WebPage","@id":"https:\/\/lekic.rs\/?page_id=175","url":"https:\/\/lekic.rs\/?page_id=175","name":"Kontakt - Lekic LBR - CNC Rezanje metala laserom, bravarija","isPartOf":{"@id":"https:\/\/lekic.rs\/#website"},"primaryImageOfPage":{"@id":"https:\/\/lekic.rs\/?page_id=175#primaryimage"},"image":{"@id":"https:\/\/lekic.rs\/?page_id=175#primaryimage"},"thumbnailUrl":"https:\/\/lekic.rs\/wp-content\/uploads\/2023\/06\/mapa-lekic1.jpg","datePublished":"2021-12-13T04:45:44+00:00","dateModified":"2023-06-24T10:39:51+00:00","description":"Bravarski usluge i lasersko se\u010denje metala od lima i \u010delika na jednom mestu. Usluge ma\u0161inske obrade metala na CNC ma\u0161inama. Lasersko se\u010denje metala od lima i \u010delika (inoxa). Bravarske usluge uslu\u017enog se\u010denja lima, savijanja lima i \u0161tancovanja lima.","breadcrumb":{"@id":"https:\/\/lekic.rs\/?page_id=175#breadcrumb"},"inLanguage":"sr-RS","potentialAction":[{"@type":"ReadAction","target":["https:\/\/lekic.rs\/?page_id=175"]}]},{"@type":"ImageObject","inLanguage":"sr-RS","@id":"https:\/\/lekic.rs\/?page_id=175#primaryimage","url":"https:\/\/lekic.rs\/wp-content\/uploads\/2023\/06\/mapa-lekic1.jpg","contentUrl":"https:\/\/lekic.rs\/wp-content\/uploads\/2023\/06\/mapa-lekic1.jpg","width":1641,"height":633},{"@type":"BreadcrumbList","@id":"https:\/\/lekic.rs\/?page_id=175#breadcrumb","itemListElement":[{"@type":"ListItem","position":1,"name":"Home","item":"https:\/\/lekic.rs\/"},{"@type":"ListItem","position":2,"name":"Kontakt"}]},{"@type":"WebSite","@id":"https:\/\/lekic.rs\/#website","url":"https:\/\/lekic.rs\/","name":"Lekic LBR - Bravarski usluge i Lasersko se\u010denje metala","description":"Lekic LBR - CNC Rezanje metala laserom, bravarija","publisher":{"@id":"https:\/\/lekic.rs\/#organization"},"potentialAction":[{"@type":"SearchAction","target":{"@type":"EntryPoint","urlTemplate":"https:\/\/lekic.rs\/?s={search_term_string}"},"query-input":{"@type":"PropertyValueSpecification","valueRequired":true,"valueName":"search_term_string"}}],"inLanguage":"sr-RS"},{"@type":"Organization","@id":"https:\/\/lekic.rs\/#organization","name":"Lekic LBR - Bravarski usluge i Lasersko se\u010denje metala","url":"https:\/\/lekic.rs\/","logo":{"@type":"ImageObject","inLanguage":"sr-RS","@id":"https:\/\/lekic.rs\/#\/schema\/logo\/image\/","url":"https:\/\/lekic.rs\/wp-content\/uploads\/2023\/06\/lekic-lbr-logo-02.png","contentUrl":"https:\/\/lekic.rs\/wp-content\/uploads\/2023\/06\/lekic-lbr-logo-02.png","width":426,"height":261,"caption":"Lekic LBR - Bravarski usluge i Lasersko se\u010denje metala"},"image":{"@id":"https:\/\/lekic.rs\/#\/schema\/logo\/image\/"},"sameAs":["https:\/\/www.facebook.com\/people\/Lbr-Lekic\/100084138443827\/"]}]}},"_links":{"self":[{"href":"https:\/\/lekic.rs\/index.php?rest_route=\/wp\/v2\/pages\/175","targetHints":{"allow":["GET"]}}],"collection":[{"href":"https:\/\/lekic.rs\/index.php?rest_route=\/wp\/v2\/pages"}],"about":[{"href":"https:\/\/lekic.rs\/index.php?rest_route=\/wp\/v2\/types\/page"}],"author":[{"embeddable":true,"href":"https:\/\/lekic.rs\/index.php?rest_route=\/wp\/v2\/users\/1"}],"replies":[{"embeddable":true,"href":"https:\/\/lekic.rs\/index.php?rest_route=%2Fwp%2Fv2%2Fcomments&post=175"}],"version-history":[{"count":33,"href":"https:\/\/lekic.rs\/index.php?rest_route=\/wp\/v2\/pages\/175\/revisions"}],"predecessor-version":[{"id":1189,"href":"https:\/\/lekic.rs\/index.php?rest_route=\/wp\/v2\/pages\/175\/revisions\/1189"}],"wp:featuredmedia":[{"embeddable":true,"href":"https:\/\/lekic.rs\/index.php?rest_route=\/wp\/v2\/media\/627"}],"wp:attachment":[{"href":"https:\/\/lekic.rs\/index.php?rest_route=%2Fwp%2Fv2%2Fmedia&parent=175"}],"curies":[{"name":"wp","href":"https:\/\/api.w.org\/{rel}","templated":true}]}}